{"id":3157,"date":"2025-06-20T16:11:06","date_gmt":"2025-06-20T19:11:06","guid":{"rendered":"https:\/\/nucleojoalheria.org\/?post_type=product&#038;p=3157"},"modified":"2025-06-25T11:44:21","modified_gmt":"2025-06-25T14:44:21","slug":"anel-formentera","status":"publish","type":"product","link":"https:\/\/nucleojoalheria.org\/es\/producto\/anel-formentera\/","title":{"rendered":"Anel Formentera"},"content":{"rendered":"<p>Na imensid\u00e3o que a natureza nos coloca somos vistos como pontos singulares e preciosos.<\/p>\n<p>Pe\u00e7a da artista Raisa D&#8217;amato, da s\u00e9rie &#8220;Formentera&#8221;<\/p>\n<p>Material: Prata, Lat\u00e3o Oxidado e Safira.<\/p>","protected":false},"excerpt":{"rendered":"<p>Na imensid\u00e3o que a natureza nos coloca somos vistos como pontos singulares e preciosos. Pe\u00e7a da artista Raisa D&#8217;amato, da s\u00e9rie &#8220;Formentera&#8221; Material: Prata, Lat\u00e3o Oxidado e Safira.<\/p>","protected":false},"featured_media":3146,"comment_status":"closed","ping_status":"closed","template":"","meta":[],"product_brand":[116],"product_cat":[91],"product_tag":[],"artista-joalheira":[74],"class_list":{"0":"post-3157","1":"product","2":"type-product","3":"status-publish","4":"has-post-thumbnail","6":"product_brand-nucleo-joalheria","7":"product_cat-aneis","8":"artista-joalheira-raisa-damato","10":"first","11":"instock","12":"shipping-taxable","13":"purchasable","14":"product-type-simple"},"_links":{"self":[{"href":"https:\/\/nucleojoalheria.org\/es\/wp-json\/wp\/v2\/product\/3157","targetHints":{"allow":["GET"]}}],"collection":[{"href":"https:\/\/nucleojoalheria.org\/es\/wp-json\/wp\/v2\/product"}],"about":[{"href":"https:\/\/nucleojoalheria.org\/es\/wp-json\/wp\/v2\/types\/product"}],"replies":[{"embeddable":true,"href":"https:\/\/nucleojoalheria.org\/es\/wp-json\/wp\/v2\/comments?post=3157"}],"wp:featuredmedia":[{"embeddable":true,"href":"https:\/\/nucleojoalheria.org\/es\/wp-json\/wp\/v2\/media\/3146"}],"wp:attachment":[{"href":"https:\/\/nucleojoalheria.org\/es\/wp-json\/wp\/v2\/media?parent=3157"}],"wp:term":[{"taxonomy":"product_brand","embeddable":true,"href":"https:\/\/nucleojoalheria.org\/es\/wp-json\/wp\/v2\/product_brand?post=3157"},{"taxonomy":"product_cat","embeddable":true,"href":"https:\/\/nucleojoalheria.org\/es\/wp-json\/wp\/v2\/product_cat?post=3157"},{"taxonomy":"product_tag","embeddable":true,"href":"https:\/\/nucleojoalheria.org\/es\/wp-json\/wp\/v2\/product_tag?post=3157"},{"taxonomy":"artista-joalheira","embeddable":true,"href":"https:\/\/nucleojoalheria.org\/es\/wp-json\/wp\/v2\/artista-joalheira?post=3157"}],"curies":[{"name":"wp","href":"https:\/\/api.w.org\/{rel}","templated":true}]}}