{"id":3159,"date":"2025-06-20T16:50:56","date_gmt":"2025-06-20T19:50:56","guid":{"rendered":"https:\/\/nucleojoalheria.org\/?post_type=product&#038;p=3159"},"modified":"2025-06-25T11:09:45","modified_gmt":"2025-06-25T14:09:45","slug":"colar-pe-vanessa-rosalina","status":"publish","type":"product","link":"https:\/\/nucleojoalheria.org\/es\/producto\/colar-pe-vanessa-rosalina\/","title":{"rendered":"Colar Pingente P\u00e9 e T\u00eaxtil"},"content":{"rendered":"<p>Pe\u00e7a t\u00eaxtil da artista Vanessa Rosalina.<\/p>\n<p>Os colares bordados representam caminhos.<\/p>\n<p>Este, \u00e9 um colar de fogo.<\/p>","protected":false},"excerpt":{"rendered":"<p>Fogo e transmuta\u00e7\u00e3o, representa caminhos abertos.<\/p>","protected":false},"featured_media":3186,"comment_status":"closed","ping_status":"closed","template":"","meta":[],"product_brand":[116],"product_cat":[92,96,98,100],"product_tag":[],"artista-joalheira":[76],"class_list":{"0":"post-3159","1":"product","2":"type-product","3":"status-publish","4":"has-post-thumbnail","6":"product_brand-nucleo-joalheria","7":"product_cat-colares","8":"product_cat-objetos-usaveis-wearable-art","9":"product_cat-objetos-esculturas","10":"product_cat-prata","11":"artista-joalheira-vanessa-rosalino","13":"first","14":"instock","15":"shipping-taxable","16":"purchasable","17":"product-type-simple"},"_links":{"self":[{"href":"https:\/\/nucleojoalheria.org\/es\/wp-json\/wp\/v2\/product\/3159","targetHints":{"allow":["GET"]}}],"collection":[{"href":"https:\/\/nucleojoalheria.org\/es\/wp-json\/wp\/v2\/product"}],"about":[{"href":"https:\/\/nucleojoalheria.org\/es\/wp-json\/wp\/v2\/types\/product"}],"replies":[{"embeddable":true,"href":"https:\/\/nucleojoalheria.org\/es\/wp-json\/wp\/v2\/comments?post=3159"}],"wp:featuredmedia":[{"embeddable":true,"href":"https:\/\/nucleojoalheria.org\/es\/wp-json\/wp\/v2\/media\/3186"}],"wp:attachment":[{"href":"https:\/\/nucleojoalheria.org\/es\/wp-json\/wp\/v2\/media?parent=3159"}],"wp:term":[{"taxonomy":"product_brand","embeddable":true,"href":"https:\/\/nucleojoalheria.org\/es\/wp-json\/wp\/v2\/product_brand?post=3159"},{"taxonomy":"product_cat","embeddable":true,"href":"https:\/\/nucleojoalheria.org\/es\/wp-json\/wp\/v2\/product_cat?post=3159"},{"taxonomy":"product_tag","embeddable":true,"href":"https:\/\/nucleojoalheria.org\/es\/wp-json\/wp\/v2\/product_tag?post=3159"},{"taxonomy":"artista-joalheira","embeddable":true,"href":"https:\/\/nucleojoalheria.org\/es\/wp-json\/wp\/v2\/artista-joalheira?post=3159"}],"curies":[{"name":"wp","href":"https:\/\/api.w.org\/{rel}","templated":true}]}}