{"id":3196,"date":"2025-06-20T16:53:26","date_gmt":"2025-06-20T19:53:26","guid":{"rendered":"https:\/\/nucleojoalheria.org\/?post_type=product&#038;p=3196"},"modified":"2025-10-25T13:54:11","modified_gmt":"2025-10-25T16:54:11","slug":"colar-cabeca-vanessa-rosalino","status":"publish","type":"product","link":"https:\/\/nucleojoalheria.org\/es\/producto\/colar-cabeca-vanessa-rosalino\/","title":{"rendered":"Colar Cabe\u00e7a e Fio"},"content":{"rendered":"<p>Colar &#8220;Cabe\u00e7a e Fio&#8221; da cole\u00e7\u00e3o Ex Votos, pe\u00e7a da artista joalheira Vanessa Rosalino.<\/p>\n<p>A cole\u00e7\u00e3o EX VOTOS representa artefatos que constroem imagin\u00e1rios socialmente compartilhados sobre a f\u00e9, sa\u00fade e a arte.<\/p>\n<p>Ex votos s\u00e3o representa\u00e7\u00f5es de gra\u00e7as alcan\u00e7adas, curas recebidas.<\/p>\n<p>Feito em Prata 950.<\/p>","protected":false},"excerpt":{"rendered":"<p>Pe\u00e7a da cole\u00e7\u00e3o &#8220;Ex votos&#8221;, representa\u00e7\u00e3o de gra\u00e7as alcan\u00e7adas, curas recebidas.<\/p>","protected":false},"featured_media":3181,"comment_status":"closed","ping_status":"closed","template":"","meta":[],"product_brand":[116],"product_cat":[92,96,98,100],"product_tag":[],"artista-joalheira":[76],"class_list":{"0":"post-3196","1":"product","2":"type-product","3":"status-publish","4":"has-post-thumbnail","6":"product_brand-nucleo-joalheria","7":"product_cat-colares","8":"product_cat-objetos-usaveis-wearable-art","9":"product_cat-objetos-esculturas","10":"product_cat-prata","11":"artista-joalheira-vanessa-rosalino","13":"first","14":"onbackorder","15":"shipping-taxable","16":"purchasable","17":"product-type-simple"},"_links":{"self":[{"href":"https:\/\/nucleojoalheria.org\/es\/wp-json\/wp\/v2\/product\/3196","targetHints":{"allow":["GET"]}}],"collection":[{"href":"https:\/\/nucleojoalheria.org\/es\/wp-json\/wp\/v2\/product"}],"about":[{"href":"https:\/\/nucleojoalheria.org\/es\/wp-json\/wp\/v2\/types\/product"}],"replies":[{"embeddable":true,"href":"https:\/\/nucleojoalheria.org\/es\/wp-json\/wp\/v2\/comments?post=3196"}],"wp:featuredmedia":[{"embeddable":true,"href":"https:\/\/nucleojoalheria.org\/es\/wp-json\/wp\/v2\/media\/3181"}],"wp:attachment":[{"href":"https:\/\/nucleojoalheria.org\/es\/wp-json\/wp\/v2\/media?parent=3196"}],"wp:term":[{"taxonomy":"product_brand","embeddable":true,"href":"https:\/\/nucleojoalheria.org\/es\/wp-json\/wp\/v2\/product_brand?post=3196"},{"taxonomy":"product_cat","embeddable":true,"href":"https:\/\/nucleojoalheria.org\/es\/wp-json\/wp\/v2\/product_cat?post=3196"},{"taxonomy":"product_tag","embeddable":true,"href":"https:\/\/nucleojoalheria.org\/es\/wp-json\/wp\/v2\/product_tag?post=3196"},{"taxonomy":"artista-joalheira","embeddable":true,"href":"https:\/\/nucleojoalheria.org\/es\/wp-json\/wp\/v2\/artista-joalheira?post=3196"}],"curies":[{"name":"wp","href":"https:\/\/api.w.org\/{rel}","templated":true}]}}