{"id":3198,"date":"2025-06-20T17:50:50","date_gmt":"2025-06-20T20:50:50","guid":{"rendered":"https:\/\/nucleojoalheria.org\/?post_type=product&#038;p=3198"},"modified":"2025-06-25T11:03:29","modified_gmt":"2025-06-25T14:03:29","slug":"anel-ii-vanessa-rosalino","status":"publish","type":"product","link":"https:\/\/nucleojoalheria.org\/es\/producto\/anel-ii-vanessa-rosalino\/","title":{"rendered":"Anel de Balinha Original"},"content":{"rendered":"<p>Os an\u00e9is de balinha representam a inf\u00e2ncia, a alegria de viver, a inoc\u00eancia.<\/p>\n<p>Eles s\u00e3o feitos para causar sensa\u00e7\u00e3o de alegria, reavivar mem\u00f3rias, trazer a tona a crian\u00e7a interior de quem usar.<\/p>\n<p>Feito em Prata950 e lat\u00e3o.<\/p>","protected":false},"excerpt":{"rendered":"<p>Os an\u00e9is de balinha representam a inf\u00e2ncia, a alegria de viver, a inoc\u00eancia. Feito em Prata950 e lat\u00e3o.<\/p>","protected":false},"featured_media":3168,"comment_status":"closed","ping_status":"closed","template":"","meta":[],"product_brand":[116],"product_cat":[91,101,100],"product_tag":[],"artista-joalheira":[76],"class_list":{"0":"post-3198","1":"product","2":"type-product","3":"status-publish","4":"has-post-thumbnail","6":"product_brand-nucleo-joalheria","7":"product_cat-aneis","8":"product_cat-cobre-latao-bronze","9":"product_cat-prata","10":"artista-joalheira-vanessa-rosalino","12":"first","13":"instock","14":"shipping-taxable","15":"purchasable","16":"product-type-simple"},"_links":{"self":[{"href":"https:\/\/nucleojoalheria.org\/es\/wp-json\/wp\/v2\/product\/3198","targetHints":{"allow":["GET"]}}],"collection":[{"href":"https:\/\/nucleojoalheria.org\/es\/wp-json\/wp\/v2\/product"}],"about":[{"href":"https:\/\/nucleojoalheria.org\/es\/wp-json\/wp\/v2\/types\/product"}],"replies":[{"embeddable":true,"href":"https:\/\/nucleojoalheria.org\/es\/wp-json\/wp\/v2\/comments?post=3198"}],"wp:featuredmedia":[{"embeddable":true,"href":"https:\/\/nucleojoalheria.org\/es\/wp-json\/wp\/v2\/media\/3168"}],"wp:attachment":[{"href":"https:\/\/nucleojoalheria.org\/es\/wp-json\/wp\/v2\/media?parent=3198"}],"wp:term":[{"taxonomy":"product_brand","embeddable":true,"href":"https:\/\/nucleojoalheria.org\/es\/wp-json\/wp\/v2\/product_brand?post=3198"},{"taxonomy":"product_cat","embeddable":true,"href":"https:\/\/nucleojoalheria.org\/es\/wp-json\/wp\/v2\/product_cat?post=3198"},{"taxonomy":"product_tag","embeddable":true,"href":"https:\/\/nucleojoalheria.org\/es\/wp-json\/wp\/v2\/product_tag?post=3198"},{"taxonomy":"artista-joalheira","embeddable":true,"href":"https:\/\/nucleojoalheria.org\/es\/wp-json\/wp\/v2\/artista-joalheira?post=3198"}],"curies":[{"name":"wp","href":"https:\/\/api.w.org\/{rel}","templated":true}]}}