{"id":3240,"date":"2025-06-20T18:39:55","date_gmt":"2025-06-20T21:39:55","guid":{"rendered":"https:\/\/nucleojoalheria.org\/?post_type=product&#038;p=3240"},"modified":"2025-06-25T10:49:36","modified_gmt":"2025-06-25T13:49:36","slug":"anel-virgilio-bahde","status":"publish","type":"product","link":"https:\/\/nucleojoalheria.org\/es\/producto\/anel-virgilio-bahde\/","title":{"rendered":"Anillo para carrocer\u00edas"},"content":{"rendered":"<p>Da s\u00e9rie &#8220;Corpo para Corpos&#8221;, do artista joalheiro Virgilio Bahde.<\/p>","protected":false},"excerpt":{"rendered":"<p>Um organismo de compostos, vivendo um estado de mineraliza\u00e7\u00e3o em seu corpo e, assim, se formando em uma constante alimenta\u00e7\u00e3o embrion\u00e1ria prosseguiu.<\/p>","protected":false},"featured_media":3229,"comment_status":"closed","ping_status":"closed","template":"","meta":[],"product_brand":[116],"product_cat":[91,110,100],"product_tag":[],"artista-joalheira":[],"class_list":{"0":"post-3240","1":"product","2":"type-product","3":"status-publish","4":"has-post-thumbnail","6":"product_brand-nucleo-joalheria","7":"product_cat-aneis","8":"product_cat-organicos-naturais","9":"product_cat-prata","11":"first","12":"instock","13":"shipping-taxable","14":"purchasable","15":"product-type-simple"},"_links":{"self":[{"href":"https:\/\/nucleojoalheria.org\/es\/wp-json\/wp\/v2\/product\/3240","targetHints":{"allow":["GET"]}}],"collection":[{"href":"https:\/\/nucleojoalheria.org\/es\/wp-json\/wp\/v2\/product"}],"about":[{"href":"https:\/\/nucleojoalheria.org\/es\/wp-json\/wp\/v2\/types\/product"}],"replies":[{"embeddable":true,"href":"https:\/\/nucleojoalheria.org\/es\/wp-json\/wp\/v2\/comments?post=3240"}],"wp:featuredmedia":[{"embeddable":true,"href":"https:\/\/nucleojoalheria.org\/es\/wp-json\/wp\/v2\/media\/3229"}],"wp:attachment":[{"href":"https:\/\/nucleojoalheria.org\/es\/wp-json\/wp\/v2\/media?parent=3240"}],"wp:term":[{"taxonomy":"product_brand","embeddable":true,"href":"https:\/\/nucleojoalheria.org\/es\/wp-json\/wp\/v2\/product_brand?post=3240"},{"taxonomy":"product_cat","embeddable":true,"href":"https:\/\/nucleojoalheria.org\/es\/wp-json\/wp\/v2\/product_cat?post=3240"},{"taxonomy":"product_tag","embeddable":true,"href":"https:\/\/nucleojoalheria.org\/es\/wp-json\/wp\/v2\/product_tag?post=3240"},{"taxonomy":"artista-joalheira","embeddable":true,"href":"https:\/\/nucleojoalheria.org\/es\/wp-json\/wp\/v2\/artista-joalheira?post=3240"}],"curies":[{"name":"wp","href":"https:\/\/api.w.org\/{rel}","templated":true}]}}