{"id":3242,"date":"2025-06-20T18:43:39","date_gmt":"2025-06-20T21:43:39","guid":{"rendered":"https:\/\/nucleojoalheria.org\/?post_type=product&#038;p=3242"},"modified":"2025-06-25T10:31:22","modified_gmt":"2025-06-25T13:31:22","slug":"broche-virgilio-bahde","status":"publish","type":"product","link":"https:\/\/nucleojoalheria.org\/es\/producto\/broche-virgilio-bahde\/","title":{"rendered":"Broche Atravessadores I"},"content":{"rendered":"<p>Da s\u00e9rie &#8220;Atravessadores para Corpos&#8221; do artista joalheiro Virg\u00edlio Bahde. Feito em nitrilo, a\u00e7o, prata e quartzo.<\/p>","protected":false},"excerpt":{"rendered":"<p>Um objeto de poder, da s\u00e9rie &#8220;Atravessadores de Corpos&#8221;.<\/p>","protected":false},"featured_media":3218,"comment_status":"closed","ping_status":"closed","template":"","meta":[],"product_brand":[116],"product_cat":[95,108,111,110,103,109],"product_tag":[],"artista-joalheira":[197],"class_list":{"0":"post-3242","1":"product","2":"type-product","3":"status-publish","4":"has-post-thumbnail","6":"product_brand-nucleo-joalheria","7":"product_cat-broches","8":"product_cat-materiais-alternativos","9":"product_cat-multiplas-materialidades","10":"product_cat-organicos-naturais","11":"product_cat-pedra-mineral","12":"product_cat-reciclados-reutilizados","13":"artista-joalheira-virgilio-bahde","15":"first","16":"instock","17":"shipping-taxable","18":"purchasable","19":"product-type-simple"},"_links":{"self":[{"href":"https:\/\/nucleojoalheria.org\/es\/wp-json\/wp\/v2\/product\/3242","targetHints":{"allow":["GET"]}}],"collection":[{"href":"https:\/\/nucleojoalheria.org\/es\/wp-json\/wp\/v2\/product"}],"about":[{"href":"https:\/\/nucleojoalheria.org\/es\/wp-json\/wp\/v2\/types\/product"}],"replies":[{"embeddable":true,"href":"https:\/\/nucleojoalheria.org\/es\/wp-json\/wp\/v2\/comments?post=3242"}],"wp:featuredmedia":[{"embeddable":true,"href":"https:\/\/nucleojoalheria.org\/es\/wp-json\/wp\/v2\/media\/3218"}],"wp:attachment":[{"href":"https:\/\/nucleojoalheria.org\/es\/wp-json\/wp\/v2\/media?parent=3242"}],"wp:term":[{"taxonomy":"product_brand","embeddable":true,"href":"https:\/\/nucleojoalheria.org\/es\/wp-json\/wp\/v2\/product_brand?post=3242"},{"taxonomy":"product_cat","embeddable":true,"href":"https:\/\/nucleojoalheria.org\/es\/wp-json\/wp\/v2\/product_cat?post=3242"},{"taxonomy":"product_tag","embeddable":true,"href":"https:\/\/nucleojoalheria.org\/es\/wp-json\/wp\/v2\/product_tag?post=3242"},{"taxonomy":"artista-joalheira","embeddable":true,"href":"https:\/\/nucleojoalheria.org\/es\/wp-json\/wp\/v2\/artista-joalheira?post=3242"}],"curies":[{"name":"wp","href":"https:\/\/api.w.org\/{rel}","templated":true}]}}