{"id":3305,"date":"2025-06-20T19:26:00","date_gmt":"2025-06-20T22:26:00","guid":{"rendered":"https:\/\/nucleojoalheria.org\/?post_type=product&#038;p=3305"},"modified":"2025-10-16T21:25:35","modified_gmt":"2025-10-17T00:25:35","slug":"anel-monstro-iii","status":"publish","type":"product","link":"https:\/\/nucleojoalheria.org\/es\/producto\/anel-monstro-iii\/","title":{"rendered":"Anel Presa Selvagem III"},"content":{"rendered":"<p>Da s\u00e9rie &#8220;Jardim de L\u00e1grimas&#8221;, trabalho da artista joalheira Carol Gomes. Emo\u00e7\u00f5es, transforma\u00e7\u00f5es e personifica\u00e7\u00f5es se entrela\u00e7am em diferentes aspectos dessa s\u00e9rie, em que cada pe\u00e7a \u00e9 tida como um talism\u00e3 de prote\u00e7\u00e3o e auto-express\u00e3o.<\/p>\n<p>No cerne desta s\u00e9rie, celebra-se o h\u00edbrido. Fundindo o natural com o sint\u00e9tico, o ancestral com o futurista, o sagrado com o profano.<\/p>\n<p>Essa mistura incorpora a alteridade e desafia as normas convencionais, refletindo o flu\u00eddo, o diverso e a natureza complexa da identidade humana que transcende limites r\u00edgidos.<\/p>\n<p>A diversidade de materiais e m\u00e9todos reflete a interseccionalidade das nossas identidades. Ela reconhece a multiplicidade de camadas e influ\u00eancias que formam nosso senso de identidade e como essas camadas se cruzam para moldar nossas experi\u00eancias e percep\u00e7\u00f5es.<\/p>\n<p>Esta s\u00e9rie reconhece o corpo como um local de resist\u00eancia, cura e express\u00e3o art\u00edstica. Nos convida a uma imers\u00e3o consciente em nossos sentidos e nosso corpo, almejando uma explora\u00e7\u00e3o da nossa consci\u00eancia e da nossa psique.<\/p>","protected":false},"excerpt":{"rendered":"<p>Emo\u00e7\u00f5es, transforma\u00e7\u00f5es e personifica\u00e7\u00f5es se entrela\u00e7am em diferentes aspectos dessa pe\u00e7a, que \u00e9 tida como um talism\u00e3 de prote\u00e7\u00e3o e auto-express\u00e3o.<\/p>","protected":false},"featured_media":3268,"comment_status":"closed","ping_status":"closed","template":"","meta":[],"product_brand":[116],"product_cat":[91],"product_tag":[],"artista-joalheira":[68],"class_list":{"0":"post-3305","1":"product","2":"type-product","3":"status-publish","4":"has-post-thumbnail","6":"product_brand-nucleo-joalheria","7":"product_cat-aneis","8":"artista-joalheira-monstro-joias","10":"first","11":"instock","12":"shipping-taxable","13":"purchasable","14":"product-type-simple"},"_links":{"self":[{"href":"https:\/\/nucleojoalheria.org\/es\/wp-json\/wp\/v2\/product\/3305","targetHints":{"allow":["GET"]}}],"collection":[{"href":"https:\/\/nucleojoalheria.org\/es\/wp-json\/wp\/v2\/product"}],"about":[{"href":"https:\/\/nucleojoalheria.org\/es\/wp-json\/wp\/v2\/types\/product"}],"replies":[{"embeddable":true,"href":"https:\/\/nucleojoalheria.org\/es\/wp-json\/wp\/v2\/comments?post=3305"}],"wp:featuredmedia":[{"embeddable":true,"href":"https:\/\/nucleojoalheria.org\/es\/wp-json\/wp\/v2\/media\/3268"}],"wp:attachment":[{"href":"https:\/\/nucleojoalheria.org\/es\/wp-json\/wp\/v2\/media?parent=3305"}],"wp:term":[{"taxonomy":"product_brand","embeddable":true,"href":"https:\/\/nucleojoalheria.org\/es\/wp-json\/wp\/v2\/product_brand?post=3305"},{"taxonomy":"product_cat","embeddable":true,"href":"https:\/\/nucleojoalheria.org\/es\/wp-json\/wp\/v2\/product_cat?post=3305"},{"taxonomy":"product_tag","embeddable":true,"href":"https:\/\/nucleojoalheria.org\/es\/wp-json\/wp\/v2\/product_tag?post=3305"},{"taxonomy":"artista-joalheira","embeddable":true,"href":"https:\/\/nucleojoalheria.org\/es\/wp-json\/wp\/v2\/artista-joalheira?post=3305"}],"curies":[{"name":"wp","href":"https:\/\/api.w.org\/{rel}","templated":true}]}}