{"id":8507,"date":"2025-11-24T14:08:07","date_gmt":"2025-11-24T17:08:07","guid":{"rendered":"https:\/\/nucleojoalheria.org\/?post_type=product&#038;p=8507"},"modified":"2025-11-24T14:08:09","modified_gmt":"2025-11-24T17:08:09","slug":"anel-arrepio","status":"publish","type":"product","link":"https:\/\/nucleojoalheria.org\/es\/producto\/anel-arrepio\/","title":{"rendered":"Anel Arrepio"},"content":{"rendered":"<p>Anel<br \/>\nMaterial: Feltro, couro<br \/>\nT\u00e9cnica: Termoformado<br \/>\nDimens\u00f5es: 7 X 5 X 4cm<br \/>\nFot\u00f3grafo: @fotografiadejoias<br \/>\nAno: 2022<\/p>","protected":false},"excerpt":{"rendered":"<p>Colar de Carmen Ciancio<\/p>\n<p>Selecionado para participar da BJ. Uma pe\u00e7a que celebra a fus\u00e3o de t\u00e9cnicas t\u00eaxteis e a joalheria contempor\u00e2nea.<\/p>","protected":false},"featured_media":8509,"comment_status":"closed","ping_status":"closed","template":"","meta":[],"product_brand":[],"product_cat":[91],"product_tag":[],"artista-joalheira":[58],"class_list":{"0":"post-8507","1":"product","2":"type-product","3":"status-publish","4":"has-post-thumbnail","6":"product_cat-aneis","7":"artista-joalheira-carmen-ciancio","9":"first","10":"instock","11":"shipping-taxable","12":"purchasable","13":"product-type-simple"},"_links":{"self":[{"href":"https:\/\/nucleojoalheria.org\/es\/wp-json\/wp\/v2\/product\/8507","targetHints":{"allow":["GET"]}}],"collection":[{"href":"https:\/\/nucleojoalheria.org\/es\/wp-json\/wp\/v2\/product"}],"about":[{"href":"https:\/\/nucleojoalheria.org\/es\/wp-json\/wp\/v2\/types\/product"}],"replies":[{"embeddable":true,"href":"https:\/\/nucleojoalheria.org\/es\/wp-json\/wp\/v2\/comments?post=8507"}],"wp:featuredmedia":[{"embeddable":true,"href":"https:\/\/nucleojoalheria.org\/es\/wp-json\/wp\/v2\/media\/8509"}],"wp:attachment":[{"href":"https:\/\/nucleojoalheria.org\/es\/wp-json\/wp\/v2\/media?parent=8507"}],"wp:term":[{"taxonomy":"product_brand","embeddable":true,"href":"https:\/\/nucleojoalheria.org\/es\/wp-json\/wp\/v2\/product_brand?post=8507"},{"taxonomy":"product_cat","embeddable":true,"href":"https:\/\/nucleojoalheria.org\/es\/wp-json\/wp\/v2\/product_cat?post=8507"},{"taxonomy":"product_tag","embeddable":true,"href":"https:\/\/nucleojoalheria.org\/es\/wp-json\/wp\/v2\/product_tag?post=8507"},{"taxonomy":"artista-joalheira","embeddable":true,"href":"https:\/\/nucleojoalheria.org\/es\/wp-json\/wp\/v2\/artista-joalheira?post=8507"}],"curies":[{"name":"wp","href":"https:\/\/api.w.org\/{rel}","templated":true}]}}