{"id":8516,"date":"2025-11-24T15:41:47","date_gmt":"2025-11-24T18:41:47","guid":{"rendered":"https:\/\/nucleojoalheria.org\/?post_type=product&#038;p=8516"},"modified":"2025-11-24T15:41:49","modified_gmt":"2025-11-24T18:41:49","slug":"colar-colonias","status":"publish","type":"product","link":"https:\/\/nucleojoalheria.org\/es\/producto\/colar-colonias\/","title":{"rendered":"Colar COL\u00d4NIAS"},"content":{"rendered":"<p>T\u00e9cnica: Ourivesaria &#8211; Modelagem &#8211; Pintura &#8211; Rebites<br \/>\nMateriais: Cobre &#8211; Tinta &#8211; Quartzo &#8211; Cer\u00e2mica Fria &#8211; Folha de Cobre<br \/>\nAno 2022<br \/>\nFotos: Gislaine Ribeiro<\/p>","protected":false},"excerpt":{"rendered":"<p>Colar de Gislanie Ribeiro<\/p>\n<p>Selecionado para participar da BJW. Uma pe\u00e7a que celebra a fus\u00e3o de t\u00e9cnicas t\u00eaxteis e a ourivesaria contempor\u00e2nea.<\/p>","protected":false},"featured_media":8517,"comment_status":"closed","ping_status":"closed","template":"","meta":[],"product_brand":[],"product_cat":[92],"product_tag":[],"artista-joalheira":[233],"class_list":{"0":"post-8516","1":"product","2":"type-product","3":"status-publish","4":"has-post-thumbnail","6":"product_cat-colares","7":"artista-joalheira-gislaine-ribeiro","9":"first","10":"instock","11":"shipping-taxable","12":"purchasable","13":"product-type-simple"},"_links":{"self":[{"href":"https:\/\/nucleojoalheria.org\/es\/wp-json\/wp\/v2\/product\/8516","targetHints":{"allow":["GET"]}}],"collection":[{"href":"https:\/\/nucleojoalheria.org\/es\/wp-json\/wp\/v2\/product"}],"about":[{"href":"https:\/\/nucleojoalheria.org\/es\/wp-json\/wp\/v2\/types\/product"}],"replies":[{"embeddable":true,"href":"https:\/\/nucleojoalheria.org\/es\/wp-json\/wp\/v2\/comments?post=8516"}],"wp:featuredmedia":[{"embeddable":true,"href":"https:\/\/nucleojoalheria.org\/es\/wp-json\/wp\/v2\/media\/8517"}],"wp:attachment":[{"href":"https:\/\/nucleojoalheria.org\/es\/wp-json\/wp\/v2\/media?parent=8516"}],"wp:term":[{"taxonomy":"product_brand","embeddable":true,"href":"https:\/\/nucleojoalheria.org\/es\/wp-json\/wp\/v2\/product_brand?post=8516"},{"taxonomy":"product_cat","embeddable":true,"href":"https:\/\/nucleojoalheria.org\/es\/wp-json\/wp\/v2\/product_cat?post=8516"},{"taxonomy":"product_tag","embeddable":true,"href":"https:\/\/nucleojoalheria.org\/es\/wp-json\/wp\/v2\/product_tag?post=8516"},{"taxonomy":"artista-joalheira","embeddable":true,"href":"https:\/\/nucleojoalheria.org\/es\/wp-json\/wp\/v2\/artista-joalheira?post=8516"}],"curies":[{"name":"wp","href":"https:\/\/api.w.org\/{rel}","templated":true}]}}