{"id":8527,"date":"2025-11-24T15:58:57","date_gmt":"2025-11-24T18:58:57","guid":{"rendered":"https:\/\/nucleojoalheria.org\/?post_type=product&#038;p=8527"},"modified":"2025-11-24T15:58:58","modified_gmt":"2025-11-24T18:58:58","slug":"coracao-de-eter","status":"publish","type":"product","link":"https:\/\/nucleojoalheria.org\/es\/producto\/coracao-de-eter\/","title":{"rendered":"Cora\u00e7\u00e3o de \u00c9ter"},"content":{"rendered":"<p>Um colar que repousa sobre o peito como um altar c\u00f3smico. O cora\u00e7\u00e3o central pulsa em tons met\u00e1licos, com pirita cravada como uma constela\u00e7\u00e3o de poder.<br \/>\nSimbologia: Representa o portal entre o \u00edntimo e o infinito.<br \/>\nUm elemento ritual\u00edstico e portal simb\u00f3lico. Representa a intersec\u00e7\u00e3o entre o corpo e o cosmos: onde a alma pulsa, o universo ecoa. Na linguagem desta s\u00e9rie, o centro \u00e9 uma forma geom\u00e9trica, bruta e org\u00e2nica, feita materiais que, juntos, evocam a cria\u00e7\u00e3o estelar e o tempo mineral.<\/p>","protected":false},"excerpt":{"rendered":"<p>Colar de Janaina Haenschke Cintra<\/p>\n<p>Selecionado para participar da BJW (Bienal de Joalheria). Uma pe\u00e7a que celebra a fus\u00e3o de t\u00e9cnicas t\u00eaxteis e a ourivesaria contempor\u00e2nea.<\/p>","protected":false},"featured_media":8528,"comment_status":"closed","ping_status":"closed","template":"","meta":[],"product_brand":[],"product_cat":[92],"product_tag":[],"artista-joalheira":[],"class_list":{"0":"post-8527","1":"product","2":"type-product","3":"status-publish","4":"has-post-thumbnail","6":"product_cat-colares","8":"first","9":"instock","10":"shipping-taxable","11":"purchasable","12":"product-type-simple"},"_links":{"self":[{"href":"https:\/\/nucleojoalheria.org\/es\/wp-json\/wp\/v2\/product\/8527","targetHints":{"allow":["GET"]}}],"collection":[{"href":"https:\/\/nucleojoalheria.org\/es\/wp-json\/wp\/v2\/product"}],"about":[{"href":"https:\/\/nucleojoalheria.org\/es\/wp-json\/wp\/v2\/types\/product"}],"replies":[{"embeddable":true,"href":"https:\/\/nucleojoalheria.org\/es\/wp-json\/wp\/v2\/comments?post=8527"}],"wp:featuredmedia":[{"embeddable":true,"href":"https:\/\/nucleojoalheria.org\/es\/wp-json\/wp\/v2\/media\/8528"}],"wp:attachment":[{"href":"https:\/\/nucleojoalheria.org\/es\/wp-json\/wp\/v2\/media?parent=8527"}],"wp:term":[{"taxonomy":"product_brand","embeddable":true,"href":"https:\/\/nucleojoalheria.org\/es\/wp-json\/wp\/v2\/product_brand?post=8527"},{"taxonomy":"product_cat","embeddable":true,"href":"https:\/\/nucleojoalheria.org\/es\/wp-json\/wp\/v2\/product_cat?post=8527"},{"taxonomy":"product_tag","embeddable":true,"href":"https:\/\/nucleojoalheria.org\/es\/wp-json\/wp\/v2\/product_tag?post=8527"},{"taxonomy":"artista-joalheira","embeddable":true,"href":"https:\/\/nucleojoalheria.org\/es\/wp-json\/wp\/v2\/artista-joalheira?post=8527"}],"curies":[{"name":"wp","href":"https:\/\/api.w.org\/{rel}","templated":true}]}}