{"id":8542,"date":"2025-11-27T10:21:06","date_gmt":"2025-11-27T13:21:06","guid":{"rendered":"https:\/\/nucleojoalheria.org\/?post_type=product&#038;p=8542"},"modified":"2025-11-27T10:21:07","modified_gmt":"2025-11-27T13:21:07","slug":"duno-xiii","status":"publish","type":"product","link":"https:\/\/nucleojoalheria.org\/es\/producto\/duno-xiii\/","title":{"rendered":"D\u016aNO XIII"},"content":{"rendered":"<p>\ud83c\uddf5\ud83c\uddf9 Portugu\u00eas<\/p>\n<p>Pe\u00e7a: Broche<br \/>\nT\u00e9cnica: Reciclagem, constru\u00e7\u00e3o, entalhe e resina.<br \/>\nMateriais: Pl\u00e1stico reciclado (esferas de desodorizantes roll-on e l\u00e2mpadas LED), biorresina, pigmentos, acr\u00edlico, prata de lei 925, lat\u00e3o e a\u00e7o inoxid\u00e1vel.<br \/>\nMedidas: 6 \u00d7 3 \u00d7 3,5 cm<br \/>\nPeso: 40 g<br \/>\nAno: 2024<\/p>\n<p>\ud83c\uddea\ud83c\uddf8 Espa\u00f1ol<\/p>\n<p>Pieza: Broche<br \/>\nT\u00e9cnica: Reciclaje, construcci\u00f3n, tallado y resina.<br \/>\nMateriales: Pl\u00e1stico reciclado (bolas de desodorantes roll-on y bombillas LED), bioresina, pigmentos, acr\u00edlico, plata de ley 925, lat\u00f3n y acero inoxidable.<br \/>\nMedidas: 6 \u00d7 3 \u00d7 3,5 cm<br \/>\nPeso: 40 g<br \/>\nA\u00f1o: 2024<\/p>","protected":false},"excerpt":{"rendered":"<p>Broche de Yael Olave Munizaga<\/p>\n<p>Artista Chilena selecionada para participar da BJW.<\/p>","protected":false},"featured_media":8540,"comment_status":"closed","ping_status":"closed","template":"","meta":[],"product_brand":[],"product_cat":[95],"product_tag":[],"artista-joalheira":[239],"class_list":{"0":"post-8542","1":"product","2":"type-product","3":"status-publish","4":"has-post-thumbnail","6":"product_cat-broches","7":"artista-joalheira-yael-olave-munizaga","9":"first","10":"instock","11":"shipping-taxable","12":"purchasable","13":"product-type-simple"},"_links":{"self":[{"href":"https:\/\/nucleojoalheria.org\/es\/wp-json\/wp\/v2\/product\/8542","targetHints":{"allow":["GET"]}}],"collection":[{"href":"https:\/\/nucleojoalheria.org\/es\/wp-json\/wp\/v2\/product"}],"about":[{"href":"https:\/\/nucleojoalheria.org\/es\/wp-json\/wp\/v2\/types\/product"}],"replies":[{"embeddable":true,"href":"https:\/\/nucleojoalheria.org\/es\/wp-json\/wp\/v2\/comments?post=8542"}],"wp:featuredmedia":[{"embeddable":true,"href":"https:\/\/nucleojoalheria.org\/es\/wp-json\/wp\/v2\/media\/8540"}],"wp:attachment":[{"href":"https:\/\/nucleojoalheria.org\/es\/wp-json\/wp\/v2\/media?parent=8542"}],"wp:term":[{"taxonomy":"product_brand","embeddable":true,"href":"https:\/\/nucleojoalheria.org\/es\/wp-json\/wp\/v2\/product_brand?post=8542"},{"taxonomy":"product_cat","embeddable":true,"href":"https:\/\/nucleojoalheria.org\/es\/wp-json\/wp\/v2\/product_cat?post=8542"},{"taxonomy":"product_tag","embeddable":true,"href":"https:\/\/nucleojoalheria.org\/es\/wp-json\/wp\/v2\/product_tag?post=8542"},{"taxonomy":"artista-joalheira","embeddable":true,"href":"https:\/\/nucleojoalheria.org\/es\/wp-json\/wp\/v2\/artista-joalheira?post=8542"}],"curies":[{"name":"wp","href":"https:\/\/api.w.org\/{rel}","templated":true}]}}