{"id":8558,"date":"2025-11-27T11:07:58","date_gmt":"2025-11-27T14:07:58","guid":{"rendered":"https:\/\/nucleojoalheria.org\/?post_type=product&#038;p=8558"},"modified":"2025-11-27T11:08:00","modified_gmt":"2025-11-27T14:08:00","slug":"bracelete-tanti","status":"publish","type":"product","link":"https:\/\/nucleojoalheria.org\/es\/producto\/bracelete-tanti\/","title":{"rendered":"Bracelete Tanti"},"content":{"rendered":"<p>Portugu\u00eas<br \/>\nAno: 2024 Bracelete feito com papel\u00e3o, massa de papel\u00e3o (pasta de cart\u00f3n) e p\u00e1tina de tinta acr\u00edlica.<\/p>\n<p>T\u00e9cnica: Modelagem, papier-m\u00e2ch\u00e9 (papel mach\u00ea).<\/p>\n<p>Medidas em cm: 10,5 x 13 x 2,5<\/p>\n<p>Peso: 82g<\/p>\n<p>Espa\u00f1ol<br \/>\nA\u00f1o: 2024 Brazalete realizado con cart\u00f3n, pasta de cart\u00f3n y p\u00e1tina de pintura acr\u00edlica.<\/p>\n<p>T\u00e9cnica: Modelado, papel mach\u00e9.<\/p>\n<p>Medidas en cm: 10,5 x 13 x 2,5<\/p>\n<p>Peso: 82gr<\/p>","protected":false},"excerpt":{"rendered":"<p>Bracelete de Patricia Mogni<\/p>\n<p>Artista selecionada para participar da BJW<\/p>","protected":false},"featured_media":8559,"comment_status":"closed","ping_status":"closed","template":"","meta":[],"product_brand":[],"product_cat":[93],"product_tag":[],"artista-joalheira":[],"class_list":{"0":"post-8558","1":"product","2":"type-product","3":"status-publish","4":"has-post-thumbnail","6":"product_cat-pulseiras","8":"first","9":"instock","10":"shipping-taxable","11":"purchasable","12":"product-type-simple"},"_links":{"self":[{"href":"https:\/\/nucleojoalheria.org\/es\/wp-json\/wp\/v2\/product\/8558","targetHints":{"allow":["GET"]}}],"collection":[{"href":"https:\/\/nucleojoalheria.org\/es\/wp-json\/wp\/v2\/product"}],"about":[{"href":"https:\/\/nucleojoalheria.org\/es\/wp-json\/wp\/v2\/types\/product"}],"replies":[{"embeddable":true,"href":"https:\/\/nucleojoalheria.org\/es\/wp-json\/wp\/v2\/comments?post=8558"}],"wp:featuredmedia":[{"embeddable":true,"href":"https:\/\/nucleojoalheria.org\/es\/wp-json\/wp\/v2\/media\/8559"}],"wp:attachment":[{"href":"https:\/\/nucleojoalheria.org\/es\/wp-json\/wp\/v2\/media?parent=8558"}],"wp:term":[{"taxonomy":"product_brand","embeddable":true,"href":"https:\/\/nucleojoalheria.org\/es\/wp-json\/wp\/v2\/product_brand?post=8558"},{"taxonomy":"product_cat","embeddable":true,"href":"https:\/\/nucleojoalheria.org\/es\/wp-json\/wp\/v2\/product_cat?post=8558"},{"taxonomy":"product_tag","embeddable":true,"href":"https:\/\/nucleojoalheria.org\/es\/wp-json\/wp\/v2\/product_tag?post=8558"},{"taxonomy":"artista-joalheira","embeddable":true,"href":"https:\/\/nucleojoalheria.org\/es\/wp-json\/wp\/v2\/artista-joalheira?post=8558"}],"curies":[{"name":"wp","href":"https:\/\/api.w.org\/{rel}","templated":true}]}}