{"id":8568,"date":"2025-11-27T11:32:19","date_gmt":"2025-11-27T14:32:19","guid":{"rendered":"https:\/\/nucleojoalheria.org\/?post_type=product&#038;p=8568"},"modified":"2025-11-27T11:32:20","modified_gmt":"2025-11-27T14:32:20","slug":"colar-pechera","status":"publish","type":"product","link":"https:\/\/nucleojoalheria.org\/es\/producto\/colar-pechera\/","title":{"rendered":"Colar Pechera"},"content":{"rendered":"<p><em><strong>Portugu\u00eas (Brasil)<\/strong><\/em><br \/>\nColar peitoral (pechera), ornamento de prote\u00e7\u00e3o, cerimonial<\/p>\n<p>Pe\u00e7a pertencente ao elenco ritual de joias na ativa\u00e7\u00e3o perform\u00e1tica, itinerante (trashumante) \u201ccanto ritual\u201d, derivas de pr\u00e1ticas art\u00edsticas.<\/p>\n<p>ANO: 2024 MATERIAIS: Metais, l\u00e3 e pele de ovelha, osso, cer\u00e2mica, couro, pedra DIMENS\u00d5ES: 105 cm de altura x 24 cm de largura x 8 cm de espessura<\/p>\n<p><strong><em>\ud83c\uddea\ud83c\uddf8 Espa\u00f1ol<\/em><\/strong><\/p>\n<p>Collar pechera, ornamento de protecci\u00f3n, ceremonial<\/p>\n<p>Pieza perteneciente al elenco ritual de joyas en la activaci\u00f3n perform\u00e1tica, trashumante \u201ccanto ritual\u201d, derivas de pr\u00e1cticas art\u00edsticas.<\/p>\n<p>A\u00d1O: 2024 MATERIALES: Metales, lana y piel de oveja, hueso, cer\u00e1mica, cuero, piedra DIMENSIONES: 105 cm de alto x 24 cm de ancho x 8 cm de espesor<\/p>","protected":false},"excerpt":{"rendered":"<p>Colar de Isa Duarte<\/p>\n<p>Artista selecionada para participar da BJW.<\/p>","protected":false},"featured_media":8572,"comment_status":"closed","ping_status":"closed","template":"","meta":[],"product_brand":[],"product_cat":[23],"product_tag":[],"artista-joalheira":[],"class_list":{"0":"post-8568","1":"product","2":"type-product","3":"status-publish","4":"has-post-thumbnail","6":"product_cat-por-tipo-de-peca","8":"first","9":"instock","10":"shipping-taxable","11":"purchasable","12":"product-type-simple"},"_links":{"self":[{"href":"https:\/\/nucleojoalheria.org\/es\/wp-json\/wp\/v2\/product\/8568","targetHints":{"allow":["GET"]}}],"collection":[{"href":"https:\/\/nucleojoalheria.org\/es\/wp-json\/wp\/v2\/product"}],"about":[{"href":"https:\/\/nucleojoalheria.org\/es\/wp-json\/wp\/v2\/types\/product"}],"replies":[{"embeddable":true,"href":"https:\/\/nucleojoalheria.org\/es\/wp-json\/wp\/v2\/comments?post=8568"}],"wp:featuredmedia":[{"embeddable":true,"href":"https:\/\/nucleojoalheria.org\/es\/wp-json\/wp\/v2\/media\/8572"}],"wp:attachment":[{"href":"https:\/\/nucleojoalheria.org\/es\/wp-json\/wp\/v2\/media?parent=8568"}],"wp:term":[{"taxonomy":"product_brand","embeddable":true,"href":"https:\/\/nucleojoalheria.org\/es\/wp-json\/wp\/v2\/product_brand?post=8568"},{"taxonomy":"product_cat","embeddable":true,"href":"https:\/\/nucleojoalheria.org\/es\/wp-json\/wp\/v2\/product_cat?post=8568"},{"taxonomy":"product_tag","embeddable":true,"href":"https:\/\/nucleojoalheria.org\/es\/wp-json\/wp\/v2\/product_tag?post=8568"},{"taxonomy":"artista-joalheira","embeddable":true,"href":"https:\/\/nucleojoalheria.org\/es\/wp-json\/wp\/v2\/artista-joalheira?post=8568"}],"curies":[{"name":"wp","href":"https:\/\/api.w.org\/{rel}","templated":true}]}}