{"id":8606,"date":"2025-11-28T10:50:42","date_gmt":"2025-11-28T13:50:42","guid":{"rendered":"https:\/\/nucleojoalheria.org\/?post_type=product&#038;p=8606"},"modified":"2025-11-28T10:50:43","modified_gmt":"2025-11-28T13:50:43","slug":"anel-de-onca","status":"publish","type":"product","link":"https:\/\/nucleojoalheria.org\/es\/producto\/anel-de-onca\/","title":{"rendered":"Anel de on\u00e7a"},"content":{"rendered":"<p>Prata banhada a ouro. Esculpido \u00e0 m\u00e3o e fundido na Esc\u00f3cia com marca de certifica\u00e7\u00e3o feita pelo Escrit\u00f3rio de Contrastaria de Edimburgo<\/p>","protected":false},"excerpt":{"rendered":"<p>Anel de Nina Candido<\/p>\n<p>Artista selecionada para participar da BJW<\/p>","protected":false},"featured_media":8607,"comment_status":"closed","ping_status":"closed","template":"","meta":[],"product_brand":[],"product_cat":[91],"product_tag":[],"artista-joalheira":[],"class_list":{"0":"post-8606","1":"product","2":"type-product","3":"status-publish","4":"has-post-thumbnail","6":"product_cat-aneis","8":"first","9":"instock","10":"shipping-taxable","11":"purchasable","12":"product-type-simple"},"_links":{"self":[{"href":"https:\/\/nucleojoalheria.org\/es\/wp-json\/wp\/v2\/product\/8606","targetHints":{"allow":["GET"]}}],"collection":[{"href":"https:\/\/nucleojoalheria.org\/es\/wp-json\/wp\/v2\/product"}],"about":[{"href":"https:\/\/nucleojoalheria.org\/es\/wp-json\/wp\/v2\/types\/product"}],"replies":[{"embeddable":true,"href":"https:\/\/nucleojoalheria.org\/es\/wp-json\/wp\/v2\/comments?post=8606"}],"wp:featuredmedia":[{"embeddable":true,"href":"https:\/\/nucleojoalheria.org\/es\/wp-json\/wp\/v2\/media\/8607"}],"wp:attachment":[{"href":"https:\/\/nucleojoalheria.org\/es\/wp-json\/wp\/v2\/media?parent=8606"}],"wp:term":[{"taxonomy":"product_brand","embeddable":true,"href":"https:\/\/nucleojoalheria.org\/es\/wp-json\/wp\/v2\/product_brand?post=8606"},{"taxonomy":"product_cat","embeddable":true,"href":"https:\/\/nucleojoalheria.org\/es\/wp-json\/wp\/v2\/product_cat?post=8606"},{"taxonomy":"product_tag","embeddable":true,"href":"https:\/\/nucleojoalheria.org\/es\/wp-json\/wp\/v2\/product_tag?post=8606"},{"taxonomy":"artista-joalheira","embeddable":true,"href":"https:\/\/nucleojoalheria.org\/es\/wp-json\/wp\/v2\/artista-joalheira?post=8606"}],"curies":[{"name":"wp","href":"https:\/\/api.w.org\/{rel}","templated":true}]}}